{"id":2,"date":"2026-04-29T15:33:45","date_gmt":"2026-04-29T13:33:45","guid":{"rendered":"https:\/\/honorial.fr\/?page_id=2"},"modified":"2026-04-29T16:14:56","modified_gmt":"2026-04-29T14:14:56","slug":"page-d-attente","status":"publish","type":"page","link":"https:\/\/honorial.fr\/","title":{"rendered":""},"content":{"rendered":"\n<p class=\"has-text-align-center has-ast-global-color-0-color has-text-color has-link-color has-large-font-size wp-elements-747a7dc205593575f9f98465b1172d8b\">Site en cours de r\u00e9alisation<br>\u00c0 bient\u00f4t !<\/p>\n\n\n\n<p class=\"has-text-align-center has-ast-global-color-0-color has-text-color has-link-color has-medium-font-size wp-elements-39123e4f328b7d61c6ca825f717c827c\">Vous pouvez nous joindre ici : <a href=\"mailto:contact@honorial.fr\">contact@honorial.fr<\/a><\/p>\n\n\n\n<figure class=\"wp-block-image aligncenter size-full is-resized\"><img fetchpriority=\"high\" decoding=\"async\" width=\"1024\" height=\"1024\" src=\"https:\/\/honorial.fr\/wp-content\/uploads\/2026\/04\/LOGO-H-COMPLET-FRED.png\" alt=\"\" class=\"wp-image-11\" style=\"object-fit:cover;width:400px;height:400px\" srcset=\"https:\/\/honorial.fr\/wp-content\/uploads\/2026\/04\/LOGO-H-COMPLET-FRED.png 1024w, https:\/\/honorial.fr\/wp-content\/uploads\/2026\/04\/LOGO-H-COMPLET-FRED-300x300.png 300w, https:\/\/honorial.fr\/wp-content\/uploads\/2026\/04\/LOGO-H-COMPLET-FRED-150x150.png 150w, https:\/\/honorial.fr\/wp-content\/uploads\/2026\/04\/LOGO-H-COMPLET-FRED-768x768.png 768w\" sizes=\"(max-width: 1024px) 100vw, 1024px\" \/><\/figure>\n\n\n\n<p class=\"has-medium-font-size\"><\/p>\n\n\n\n<p><\/p>\n","protected":false},"excerpt":{"rendered":"<p>Site en cours de r\u00e9alisation\u00c0 bient\u00f4t ! Vous pouvez nous joindre ici : contact@honorial.fr<\/p>\n","protected":false},"author":1,"featured_media":0,"parent":0,"menu_order":0,"comment_status":"closed","ping_status":"closed","template":"","meta":{"site-sidebar-layout":"default","site-content-layout":"","ast-site-content-layout":"default","site-content-style":"default","site-sidebar-style":"default","ast-global-header-display":"","ast-banner-title-visibility":"","ast-main-header-display":"","ast-hfb-above-header-display":"","ast-hfb-below-header-display":"","ast-hfb-mobile-header-display":"","site-post-title":"","ast-breadcrumbs-content":"","ast-featured-img":"","footer-sml-layout":"","ast-disable-related-posts":"","theme-transparent-header-meta":"","adv-header-id-meta":"","stick-header-meta":"","header-above-stick-meta":"","header-main-stick-meta":"","header-below-stick-meta":"","astra-migrate-meta-layouts":"default","ast-page-background-enabled":"default","ast-page-background-meta":{"desktop":{"background-color":"var(--ast-global-color-5)","background-image":"","background-repeat":"repeat","background-position":"center center","background-size":"auto","background-attachment":"scroll","background-type":"","background-media":"","overlay-type":"","overlay-color":"","overlay-opacity":"","overlay-gradient":""},"tablet":{"background-color":"","background-image":"","background-repeat":"repeat","background-position":"center center","background-size":"auto","background-attachment":"scroll","background-type":"","background-media":"","overlay-type":"","overlay-color":"","overlay-opacity":"","overlay-gradient":""},"mobile":{"background-color":"","background-image":"","background-repeat":"repeat","background-position":"center center","background-size":"auto","background-attachment":"scroll","background-type":"","background-media":"","overlay-type":"","overlay-color":"","overlay-opacity":"","overlay-gradient":""}},"ast-content-background-meta":{"desktop":{"background-color":"var(--ast-global-color-4)","background-image":"","background-repeat":"repeat","background-position":"center center","background-size":"auto","background-attachment":"scroll","background-type":"","background-media":"","overlay-type":"","overlay-color":"","overlay-opacity":"","overlay-gradient":""},"tablet":{"background-color":"var(--ast-global-color-4)","background-image":"","background-repeat":"repeat","background-position":"center center","background-size":"auto","background-attachment":"scroll","background-type":"","background-media":"","overlay-type":"","overlay-color":"","overlay-opacity":"","overlay-gradient":""},"mobile":{"background-color":"var(--ast-global-color-4)","background-image":"","background-repeat":"repeat","background-position":"center center","background-size":"auto","background-attachment":"scroll","background-type":"","background-media":"","overlay-type":"","overlay-color":"","overlay-opacity":"","overlay-gradient":""}},"footnotes":""},"class_list":["post-2","page","type-page","status-publish","hentry"],"_links":{"self":[{"href":"https:\/\/honorial.fr\/index.php\/wp-json\/wp\/v2\/pages\/2","targetHints":{"allow":["GET"]}}],"collection":[{"href":"https:\/\/honorial.fr\/index.php\/wp-json\/wp\/v2\/pages"}],"about":[{"href":"https:\/\/honorial.fr\/index.php\/wp-json\/wp\/v2\/types\/page"}],"author":[{"embeddable":true,"href":"https:\/\/honorial.fr\/index.php\/wp-json\/wp\/v2\/users\/1"}],"replies":[{"embeddable":true,"href":"https:\/\/honorial.fr\/index.php\/wp-json\/wp\/v2\/comments?post=2"}],"version-history":[{"count":4,"href":"https:\/\/honorial.fr\/index.php\/wp-json\/wp\/v2\/pages\/2\/revisions"}],"predecessor-version":[{"id":45,"href":"https:\/\/honorial.fr\/index.php\/wp-json\/wp\/v2\/pages\/2\/revisions\/45"}],"wp:attachment":[{"href":"https:\/\/honorial.fr\/index.php\/wp-json\/wp\/v2\/media?parent=2"}],"curies":[{"name":"wp","href":"https:\/\/api.w.org\/{rel}","templated":true}]}}